{"id":8,"date":"2017-06-19T05:41:37","date_gmt":"2017-06-19T05:41:37","guid":{"rendered":"http:\/\/ryrmarket.net\/index.php\/home\/"},"modified":"2022-10-31T16:42:42","modified_gmt":"2022-10-31T21:42:42","slug":"home","status":"publish","type":"page","link":"https:\/\/ryrmarket.net\/index.php\/home\/","title":{"rendered":"Home"},"content":{"rendered":"<h3>Comercializadora internacional<\/h3>\n<h1>R&amp;R Market<\/h1>\n<p>Todos los productos que necesites a los mejores precios!<\/p>\n<p><a href=\"https:\/\/ryrmarket.net\/index.php\/about\/\" role=\"button\"><br \/>\nM\u00e1s informaci\u00f3n<br \/>\n<\/a><\/p>\n<h3>\u00bfC\u00f3mo te podemos ayudar?<\/h3>\n<p>Distribuimos r\u00e1pida y eficazmente nuestro productos al por mayor para que puedas disponer de ellos lo antes posible, garantizamos la calidad de nuestro productos.<\/p>\n<figure><img loading=\"lazy\" decoding=\"async\" width=\"512\" height=\"512\" src=\"https:\/\/ryrmarket.net\/wp-content\/uploads\/2020\/05\/cesta.png\" alt=\"\" loading=\"lazy\" srcset=\"https:\/\/ryrmarket.net\/wp-content\/uploads\/2020\/05\/cesta.png 512w, https:\/\/ryrmarket.net\/wp-content\/uploads\/2020\/05\/cesta-300x300.png 300w, https:\/\/ryrmarket.net\/wp-content\/uploads\/2020\/05\/cesta-150x150.png 150w\" sizes=\"(max-width: 512px) 100vw, 512px\"><\/figure>\n<h3>Alimentos<\/h3>\n<p>Todo tipo de productos alimenticios, especies, frutas, verduras, hortalizas, l\u00e1cteos, granos, cereales, abarrotes, etc.<\/p>\n<figure><img loading=\"lazy\" decoding=\"async\" width=\"512\" height=\"512\" src=\"https:\/\/ryrmarket.net\/wp-content\/uploads\/2020\/05\/entrega.png\" alt=\"\" loading=\"lazy\" srcset=\"https:\/\/ryrmarket.net\/wp-content\/uploads\/2020\/05\/entrega.png 512w, https:\/\/ryrmarket.net\/wp-content\/uploads\/2020\/05\/entrega-300x300.png 300w, https:\/\/ryrmarket.net\/wp-content\/uploads\/2020\/05\/entrega-150x150.png 150w\" sizes=\"(max-width: 512px) 100vw, 512px\"><\/figure>\n<h3>Cuidado personal<\/h3>\n<p>Productos para el hogar como dentales, faciales, tinturas, protecci\u00f3n masculina y femenina, maquillaje y de uso diario.<\/p>\n<figure><img loading=\"lazy\" decoding=\"async\" width=\"512\" height=\"512\" src=\"https:\/\/ryrmarket.net\/wp-content\/uploads\/2020\/05\/usuario.png\" alt=\"\" loading=\"lazy\" srcset=\"https:\/\/ryrmarket.net\/wp-content\/uploads\/2020\/05\/usuario.png 512w, https:\/\/ryrmarket.net\/wp-content\/uploads\/2020\/05\/usuario-300x300.png 300w, https:\/\/ryrmarket.net\/wp-content\/uploads\/2020\/05\/usuario-150x150.png 150w\" sizes=\"(max-width: 512px) 100vw, 512px\"><\/figure>\n<h3>Institucional<\/h3>\n<p>Dispensadores, productos de aseo, limpieza, desechables, oficina, papeler\u00eda y muchos m\u00e1s.<\/p>\n<figure><img loading=\"lazy\" decoding=\"async\" width=\"512\" height=\"512\" src=\"https:\/\/ryrmarket.net\/wp-content\/uploads\/2020\/05\/vodka.png\" alt=\"\" loading=\"lazy\" srcset=\"https:\/\/ryrmarket.net\/wp-content\/uploads\/2020\/05\/vodka.png 512w, https:\/\/ryrmarket.net\/wp-content\/uploads\/2020\/05\/vodka-300x300.png 300w, https:\/\/ryrmarket.net\/wp-content\/uploads\/2020\/05\/vodka-150x150.png 150w\" sizes=\"(max-width: 512px) 100vw, 512px\"><\/figure>\n<h3>Licores<\/h3>\n<p>Tenemos a disposici\u00f3n licores nacionales e internacionales como Aguardiente, Vino, Vodka, Whisky, Ron, Tequila, etc.<\/p>\n<figure><img loading=\"lazy\" decoding=\"async\" width=\"512\" height=\"512\" src=\"https:\/\/ryrmarket.net\/wp-content\/uploads\/2020\/05\/entrega-1.png\" alt=\"\" loading=\"lazy\" srcset=\"https:\/\/ryrmarket.net\/wp-content\/uploads\/2020\/05\/entrega-1.png 512w, https:\/\/ryrmarket.net\/wp-content\/uploads\/2020\/05\/entrega-1-300x300.png 300w, https:\/\/ryrmarket.net\/wp-content\/uploads\/2020\/05\/entrega-1-150x150.png 150w\" sizes=\"(max-width: 512px) 100vw, 512px\"><\/figure>\n<h3>Automotriz<\/h3>\n<p>Contamos con productos de calidad en grasas, lubricantes y piezas reemplazables de veh\u00edculos de toda categor\u00eda.<\/p>\n<figure><img loading=\"lazy\" decoding=\"async\" width=\"512\" height=\"512\" src=\"https:\/\/ryrmarket.net\/wp-content\/uploads\/2020\/05\/perro.png\" alt=\"\" loading=\"lazy\" srcset=\"https:\/\/ryrmarket.net\/wp-content\/uploads\/2020\/05\/perro.png 512w, https:\/\/ryrmarket.net\/wp-content\/uploads\/2020\/05\/perro-300x300.png 300w, https:\/\/ryrmarket.net\/wp-content\/uploads\/2020\/05\/perro-150x150.png 150w\" sizes=\"(max-width: 512px) 100vw, 512px\"><\/figure>\n<h3>Mascotas<\/h3>\n<p>No olvidamos a nuestras mascotas, contamos con alimento para gatos, perros, aves, juguetes, suplementos y mucho m\u00e1s.<\/p>\n<h3>Portafolio<\/h3>\n<p><a href=\"https:\/\/ryrmarket.net\/index.php\/especias\/\" role=\"button\"><br \/>\nEspecias y condimentos<br \/>\n<\/a><br \/>\n<a href=\"https:\/\/ryrmarket.net\/index.php\/adobos\/\" role=\"button\"><br \/>\nAdobos<br \/>\n<\/a><br \/>\n<a href=\"https:\/\/ryrmarket.net\/index.php\/frutas-y-verduras\/\" role=\"button\"><br \/>\nFrutas y verduras<br \/>\n<\/a><br \/>\n<a href=\"https:\/\/ryrmarket.net\/index.php\/abonos\/\" role=\"button\"><br \/>\nAbonos<br \/>\n<\/a><\/p>\n<h3>Hemos trabajado con<\/h3>\n<figure><img decoding=\"async\" src=\"https:\/\/ryrmarket.net\/wp-content\/uploads\/2020\/08\/Cleanherbs-300x150.jpg\" alt=\"Cleanherbs\"><\/figure>\n<figure><img decoding=\"async\" src=\"https:\/\/ryrmarket.net\/wp-content\/uploads\/2020\/08\/Mercadona-300x150.jpg\" alt=\"Mercadona\"><\/figure>\n<p>Anterior<br \/>\nSiguiente<\/p>\n<h2>Qu\u00e9 dicen nuestros clientes!<\/h2>\n<p>Trabajar con R&amp;R ha sido una muy buena experiencia ya que la atenci\u00f3n es personalizada, son de acceso f\u00e1cil y r\u00e1pido para todos los temas y dudas que surgen en el desarrollo de nuestra relaci\u00f3n comercial.<\/p>\n<h4>Basiru Bangura<\/h4>\n<p>Managing Director, Fair Trade Agro and Mineral SL Ltd<\/p>\n","protected":false},"excerpt":{"rendered":"<p>Comercializadora internacional R&amp;R Market Todos los productos que necesites a los mejores precios! M\u00e1s informaci\u00f3n \u00bfC\u00f3mo te podemos ayudar? Distribuimos r\u00e1pida y eficazmente nuestro productos al por mayor para que puedas disponer de ellos lo antes posible, garantizamos la calidad de nuestro productos. Alimentos Todo tipo de productos alimenticios, especies, frutas, verduras, hortalizas, l\u00e1cteos, granos, [&hellip;]<\/p>\n","protected":false},"author":1,"featured_media":0,"parent":0,"menu_order":0,"comment_status":"closed","ping_status":"open","template":"","meta":{"site-sidebar-layout":"no-sidebar","site-content-layout":"page-builder","ast-site-content-layout":"","site-content-style":"default","site-sidebar-style":"default","ast-global-header-display":"","ast-banner-title-visibility":"","ast-main-header-display":"","ast-hfb-above-header-display":"","ast-hfb-below-header-display":"","ast-hfb-mobile-header-display":"","site-post-title":"disabled","ast-breadcrumbs-content":"","ast-featured-img":"disabled","footer-sml-layout":"","theme-transparent-header-meta":"default","adv-header-id-meta":"","stick-header-meta":"","header-above-stick-meta":"","header-main-stick-meta":"","header-below-stick-meta":"","astra-migrate-meta-layouts":"default","ast-page-background-enabled":"default","ast-page-background-meta":{"desktop":{"background-color":"var(--ast-global-color-4)","background-image":"","background-repeat":"repeat","background-position":"center center","background-size":"auto","background-attachment":"scroll","background-type":"","background-media":"","overlay-type":"","overlay-color":"","overlay-gradient":""},"tablet":{"background-color":"","background-image":"","background-repeat":"repeat","background-position":"center center","background-size":"auto","background-attachment":"scroll","background-type":"","background-media":"","overlay-type":"","overlay-color":"","overlay-gradient":""},"mobile":{"background-color":"","background-image":"","background-repeat":"repeat","background-position":"center center","background-size":"auto","background-attachment":"scroll","background-type":"","background-media":"","overlay-type":"","overlay-color":"","overlay-gradient":""}},"ast-content-background-meta":{"desktop":{"background-color":"var(--ast-global-color-5)","background-image":"","background-repeat":"repeat","background-position":"center center","background-size":"auto","background-attachment":"scroll","background-type":"","background-media":"","overlay-type":"","overlay-color":"","overlay-gradient":""},"tablet":{"background-color":"var(--ast-global-color-5)","background-image":"","background-repeat":"repeat","background-position":"center center","background-size":"auto","background-attachment":"scroll","background-type":"","background-media":"","overlay-type":"","overlay-color":"","overlay-gradient":""},"mobile":{"background-color":"var(--ast-global-color-5)","background-image":"","background-repeat":"repeat","background-position":"center center","background-size":"auto","background-attachment":"scroll","background-type":"","background-media":"","overlay-type":"","overlay-color":"","overlay-gradient":""}},"footnotes":""},"_links":{"self":[{"href":"https:\/\/ryrmarket.net\/index.php\/wp-json\/wp\/v2\/pages\/8"}],"collection":[{"href":"https:\/\/ryrmarket.net\/index.php\/wp-json\/wp\/v2\/pages"}],"about":[{"href":"https:\/\/ryrmarket.net\/index.php\/wp-json\/wp\/v2\/types\/page"}],"author":[{"embeddable":true,"href":"https:\/\/ryrmarket.net\/index.php\/wp-json\/wp\/v2\/users\/1"}],"replies":[{"embeddable":true,"href":"https:\/\/ryrmarket.net\/index.php\/wp-json\/wp\/v2\/comments?post=8"}],"version-history":[{"count":55,"href":"https:\/\/ryrmarket.net\/index.php\/wp-json\/wp\/v2\/pages\/8\/revisions"}],"predecessor-version":[{"id":1599,"href":"https:\/\/ryrmarket.net\/index.php\/wp-json\/wp\/v2\/pages\/8\/revisions\/1599"}],"wp:attachment":[{"href":"https:\/\/ryrmarket.net\/index.php\/wp-json\/wp\/v2\/media?parent=8"}],"curies":[{"name":"wp","href":"https:\/\/api.w.org\/{rel}","templated":true}]}}