{"id":1302,"date":"2020-08-14T17:45:21","date_gmt":"2020-08-14T22:45:21","guid":{"rendered":"http:\/\/ryrmarket.net\/?page_id=1302"},"modified":"2020-08-25T19:30:28","modified_gmt":"2020-08-26T00:30:28","slug":"adobos","status":"publish","type":"page","link":"https:\/\/ryrmarket.net\/index.php\/adobos\/","title":{"rendered":"Adobos"},"content":{"rendered":"\t\t<div data-elementor-type=\"wp-page\" data-elementor-id=\"1302\" class=\"elementor elementor-1302\" data-elementor-post-type=\"page\">\n\t\t\t\t\t\t\t\t\t<section class=\"elementor-section elementor-top-section elementor-element elementor-element-3609ecfe elementor-section-boxed elementor-section-height-default elementor-section-height-default\" data-id=\"3609ecfe\" data-element_type=\"section\">\n\t\t\t\t\t\t<div class=\"elementor-container elementor-column-gap-default\">\n\t\t\t\t\t<div class=\"elementor-column elementor-col-100 elementor-top-column elementor-element elementor-element-18a65e50\" data-id=\"18a65e50\" data-element_type=\"column\">\n\t\t\t<div class=\"elementor-widget-wrap elementor-element-populated\">\n\t\t\t\t\t\t\t\t<div class=\"elementor-element elementor-element-e98a1de elementor-position-left elementor-vertical-align-top elementor-widget elementor-widget-image-box\" data-id=\"e98a1de\" data-element_type=\"widget\" data-widget_type=\"image-box.default\">\n\t\t\t\t<div class=\"elementor-widget-container\">\n\t\t\t<div class=\"elementor-image-box-wrapper\"><figure class=\"elementor-image-box-img\"><img fetchpriority=\"high\" decoding=\"async\" width=\"600\" height=\"314\" src=\"https:\/\/ryrmarket.net\/wp-content\/uploads\/2020\/08\/Adobos.jpeg\" class=\"attachment-full size-full wp-image-1387\" alt=\"\" srcset=\"https:\/\/ryrmarket.net\/wp-content\/uploads\/2020\/08\/Adobos.jpeg 600w, https:\/\/ryrmarket.net\/wp-content\/uploads\/2020\/08\/Adobos-300x157.jpeg 300w\" sizes=\"(max-width: 600px) 100vw, 600px\" \/><\/figure><div class=\"elementor-image-box-content\"><h3 class=\"elementor-image-box-title\">La mejor selecci\u00f3n<\/h3><p class=\"elementor-image-box-description\">Ofrecemos diferentes saborizantes y adobos para diversas preparaciones a nivel institucional o del hogar con la m\u00e1s alta tecnolog\u00eda y est\u00e1ndares de producci\u00f3n y calidad.<\/p><\/div><\/div>\t\t<\/div>\n\t\t\t\t<\/div>\n\t\t\t\t<div class=\"elementor-element elementor-element-5942ffb4 elementor-widget elementor-widget-text-editor\" data-id=\"5942ffb4\" data-element_type=\"widget\" data-widget_type=\"text-editor.default\">\n\t\t\t\t<div class=\"elementor-widget-container\">\n\t\t\t\t\t\t\t<!-- wp:list -->\n<ul><li>Adobo&nbsp;Pollo&nbsp;Frito<\/li><li>Adobo&nbsp;Pollo&nbsp;Broaster<\/li><li>Ahumado<\/li><li>Adobo&nbsp;BBQ<\/li><li>Saborizante&nbsp;Cerdo&nbsp;Ahumado<\/li><li>Adobo&nbsp;Alitas&nbsp;Picantes<\/li><li>Adobo&nbsp;Chorizo&nbsp;Antioque\u00f1o<\/li><li>Saborizante&nbsp;De&nbsp;Carne&nbsp;Asada<\/li><li>Saborizante&nbsp;Sabor&nbsp;a&nbsp;Tocineta<\/li><li>Saborizante&nbsp;de&nbsp;Carne&nbsp;de&nbsp;Cerdo<\/li><li>Aroma&nbsp;Costilla&nbsp;Cerdo&nbsp;Polvo<\/li><li>OXYLESS (Frutas y Verduras)<\/li><\/ul>\n<!-- \/wp:list -->\t\t\t\t\t\t<\/div>\n\t\t\t\t<\/div>\n\t\t\t\t\t<\/div>\n\t\t<\/div>\n\t\t\t\t\t\t\t<\/div>\n\t\t<\/section>\n\t\t\t\t\t\t\t<\/div>\n\t\t","protected":false},"excerpt":{"rendered":"<p>La mejor selecci\u00f3n Ofrecemos diferentes saborizantes y adobos para diversas preparaciones a nivel institucional o del hogar con la m\u00e1s alta tecnolog\u00eda y est\u00e1ndares de producci\u00f3n y calidad. Adobo&nbsp;Pollo&nbsp;Frito Adobo&nbsp;Pollo&nbsp;Broaster Ahumado Adobo&nbsp;BBQ Saborizante&nbsp;Cerdo&nbsp;Ahumado Adobo&nbsp;Alitas&nbsp;Picantes Adobo&nbsp;Chorizo&nbsp;Antioque\u00f1o Saborizante&nbsp;De&nbsp;Carne&nbsp;Asada Saborizante&nbsp;Sabor&nbsp;a&nbsp;Tocineta Saborizante&nbsp;de&nbsp;Carne&nbsp;de&nbsp;Cerdo Aroma&nbsp;Costilla&nbsp;Cerdo&nbsp;Polvo OXYLESS (Frutas y Verduras)<\/p>\n","protected":false},"author":1,"featured_media":0,"parent":0,"menu_order":0,"comment_status":"closed","ping_status":"closed","template":"","meta":{"site-sidebar-layout":"default","site-content-layout":"default","ast-site-content-layout":"","site-content-style":"default","site-sidebar-style":"default","ast-global-header-display":"","ast-banner-title-visibility":"","ast-main-header-display":"","ast-hfb-above-header-display":"","ast-hfb-below-header-display":"","ast-hfb-mobile-header-display":"","site-post-title":"","ast-breadcrumbs-content":"","ast-featured-img":"","footer-sml-layout":"","theme-transparent-header-meta":"default","adv-header-id-meta":"","stick-header-meta":"","header-above-stick-meta":"","header-main-stick-meta":"","header-below-stick-meta":"","astra-migrate-meta-layouts":"default","ast-page-background-enabled":"default","ast-page-background-meta":{"desktop":{"background-color":"var(--ast-global-color-4)","background-image":"","background-repeat":"repeat","background-position":"center center","background-size":"auto","background-attachment":"scroll","background-type":"","background-media":"","overlay-type":"","overlay-color":"","overlay-gradient":""},"tablet":{"background-color":"","background-image":"","background-repeat":"repeat","background-position":"center center","background-size":"auto","background-attachment":"scroll","background-type":"","background-media":"","overlay-type":"","overlay-color":"","overlay-gradient":""},"mobile":{"background-color":"","background-image":"","background-repeat":"repeat","background-position":"center center","background-size":"auto","background-attachment":"scroll","background-type":"","background-media":"","overlay-type":"","overlay-color":"","overlay-gradient":""}},"ast-content-background-meta":{"desktop":{"background-color":"var(--ast-global-color-5)","background-image":"","background-repeat":"repeat","background-position":"center center","background-size":"auto","background-attachment":"scroll","background-type":"","background-media":"","overlay-type":"","overlay-color":"","overlay-gradient":""},"tablet":{"background-color":"var(--ast-global-color-5)","background-image":"","background-repeat":"repeat","background-position":"center center","background-size":"auto","background-attachment":"scroll","background-type":"","background-media":"","overlay-type":"","overlay-color":"","overlay-gradient":""},"mobile":{"background-color":"var(--ast-global-color-5)","background-image":"","background-repeat":"repeat","background-position":"center center","background-size":"auto","background-attachment":"scroll","background-type":"","background-media":"","overlay-type":"","overlay-color":"","overlay-gradient":""}},"footnotes":""},"_links":{"self":[{"href":"https:\/\/ryrmarket.net\/index.php\/wp-json\/wp\/v2\/pages\/1302"}],"collection":[{"href":"https:\/\/ryrmarket.net\/index.php\/wp-json\/wp\/v2\/pages"}],"about":[{"href":"https:\/\/ryrmarket.net\/index.php\/wp-json\/wp\/v2\/types\/page"}],"author":[{"embeddable":true,"href":"https:\/\/ryrmarket.net\/index.php\/wp-json\/wp\/v2\/users\/1"}],"replies":[{"embeddable":true,"href":"https:\/\/ryrmarket.net\/index.php\/wp-json\/wp\/v2\/comments?post=1302"}],"version-history":[{"count":4,"href":"https:\/\/ryrmarket.net\/index.php\/wp-json\/wp\/v2\/pages\/1302\/revisions"}],"predecessor-version":[{"id":1388,"href":"https:\/\/ryrmarket.net\/index.php\/wp-json\/wp\/v2\/pages\/1302\/revisions\/1388"}],"wp:attachment":[{"href":"https:\/\/ryrmarket.net\/index.php\/wp-json\/wp\/v2\/media?parent=1302"}],"curies":[{"name":"wp","href":"https:\/\/api.w.org\/{rel}","templated":true}]}}